{"id":3500,"date":"2023-08-31T17:31:27","date_gmt":"2023-08-31T17:31:27","guid":{"rendered":"https:\/\/polo.pt\/?page_id=3500"},"modified":"2023-08-31T17:50:37","modified_gmt":"2023-08-31T17:50:37","slug":"polohealth","status":"publish","type":"page","link":"https:\/\/polo.pt\/es\/polohealth\/","title":{"rendered":"POLOHEALTH"},"content":{"rendered":"\n\t<section class=\"section\" id=\"section_1089198859\">\n\t\t<div class=\"bg section-bg fill bg-fill  \" >\n\n\t\t\t\n\t\t\t\n\t\t\t\n\n\t\t<\/div>\n\n\t\t\n\t<div class=\"ux-shape-divider ux-shape-divider--bottom ux-shape-divider--style-waves-opacity-3\">\n\t\t<svg viewBox=\"0 0 1000 300\" xmlns=\"http:\/\/www.w3.org\/2000\/svg\" preserveAspectRatio=\"none\">\n\t<path class=\"ux-shape-fill\" opacity=\"0.05\" d=\"M1014 264V386H206L34 300C34 300 344.42 277.16 436 221C542 156 590 160 704 209C811 255 899.11 214.94 979 346L1014 264Z\"\/>\n\t<path class=\"ux-shape-fill\" opacity=\"0.1\" d=\"M-302 55C-302 55 -66.73 263.25 50 214C178 160 283 116 353 141C445.68 174.1 534.28 256.19 588 249C692.9 235 764.52 75.94 855 131C940.61 183.09 1000 254 1000 254V328L-306 338L-302 55Z\"\/>\n\t<path class=\"ux-shape-fill\" opacity=\"0.15\" d=\"M-286 255C-286 255 -72 152 52 126C176 100 255 155 436 227C581.57 284.91 614.7 277.79 708 227C787 184 1009 3.0001 1093 164C1146 265.63 1031 293 1031 293L924 377L-288 389L-286 255Z\"\/>\n\t<path class=\"ux-shape-fill\" opacity=\"0.3\" d=\"M-24 69C-24 69 275.68 370.66 389 314C397 310 622 316 673 356C690.47 369.7 845 224 890 182C944.8 130.85 1018 92 1078 143C1154.12 207.7 1196 242 1196 242L1184 374L-28 386L-24 69Z\"\/>\n\t<path class=\"ux-shape-fill\" d=\"M-12 201C-12 201 58 284 182 258C306 232 342.29 221.23 456 264C565 305 640.82 288.36 721 249C776 222 837.5 191.31 935 253C984 284 1030 279 1030 279L1024 430L-12 440V201Z\"\/>\n<\/svg>\n\t<\/div>\n\n\t\t<div class=\"section-content relative\">\n\t\t\t\n\n\n\t\t<\/div>\n\n\t\t\n<style>\n#section_1089198859 {\n  padding-top: 45px;\n  padding-bottom: 45px;\n  min-height: 300px;\n}\n#section_1089198859 .section-bg.bg-loaded {\n  background-image: url(https:\/\/polo.pt\/wp-content\/uploads\/2023\/08\/MYO_PAGE.jpg);\n}\n#section_1089198859 .section-bg {\n  background-position: 55% 30%;\n}\n#section_1089198859 .ux-shape-divider--top svg {\n  height: 150px;\n  --divider-top-width: 100%;\n}\n#section_1089198859 .ux-shape-divider--bottom svg {\n  height: 150px;\n  --divider-width: 100%;\n}\n@media (min-width:550px) {\n  #section_1089198859 {\n    min-height: 400px;\n  }\n}\n@media (min-width:850px) {\n  #section_1089198859 {\n    min-height: 699px;\n  }\n}\n<\/style>\n\t<\/section>\n\t\n\t<section class=\"section\" id=\"section_1220227647\">\n\t\t<div class=\"bg section-bg fill bg-fill  bg-loaded\" >\n\n\t\t\t\n\t\t\t\n\t\t\t\n\n\t\t<\/div>\n\n\t\t\n\n\t\t<div class=\"section-content relative\">\n\t\t\t\n\n<div class=\"row align-center\"  id=\"row-1526757626\">\n\n\n\t<div id=\"col-773838270\" class=\"col medium-12 small-12 large-6\"  data-animate=\"fadeInUp\">\n\t\t\t\t<div class=\"col-inner text-left\"  >\n\t\t\t\n\t\t\t\n\n\t<div id=\"gap-834646917\" class=\"gap-element clearfix\" style=\"display:block; height:auto;\">\n\t\t\n<style>\n#gap-834646917 {\n  padding-top: 10px;\n}\n@media (min-width:550px) {\n  #gap-834646917 {\n    padding-top: 20px;\n  }\n}\n@media (min-width:850px) {\n  #gap-834646917 {\n    padding-top: 30px;\n  }\n}\n<\/style>\n\t<\/div>\n\t\n\n\t<div id=\"text-2889648963\" class=\"text\">\n\t\t\n\n<h1 class=\"thin-font\"><span style=\"color: #6e2979;\"><span style=\"color: #0b4b90;\"><strong>POLO<\/strong><\/span>HEALTH<br \/><\/span><strong><span style=\"color: #6e2979;\">MYO PROTECT<\/span><\/strong><\/h1>\n\t\t\n<style>\n#text-2889648963 {\n  font-size: 1.55rem;\n}\n<\/style>\n\t<\/div>\n\t\n<p class=\"lead\" style=\"text-align: left;\">CONFIAN\u00c7A NO CONTROLO DA PROGRESS\u00c3O DA MIOPIA INFANTIL<\/p>\n<p style=\"text-align: justify;\">A <strong>miopia infantil<\/strong> \u00e9 uma patologia que tem tido um aumento mundial significativo nos \u00faltimos 20 anos, <strong>afectando cerca de 20% a 30% da popula\u00e7\u00e3o mundial<\/strong>, sobretudo relacionado com as mudan\u00e7as nos h\u00e1bitos de vida. Por um lado, o aumento das actividades visuais ao perto, devido aos dispositivos digitais e, por outro, a diminui\u00e7\u00e3o das actividades ao ar livre. <br \/>A tend\u00eancia sugere um crescimento constante, com uma projec\u00e7\u00e3o que deve <strong>ultrapassar o limiar de 50% em 2050<\/strong>. Para al\u00e9m das causas comportamentais, os factores heredit\u00e1rios (anomalia do olho) s\u00e3o os respons\u00e1veis pelas causas mais comuns de miopia<\/p>\n\n\t\t<\/div>\n\t\t\t\t\n<style>\n#col-773838270 > .col-inner {\n  padding: 0px 9% 0px 0px;\n}\n<\/style>\n\t<\/div>\n\n\t\n\n\t<div id=\"col-406065417\" class=\"col medium-12 small-12 large-6\"  data-animate=\"fadeInUp\">\n\t\t\t\t<div class=\"col-inner\" style=\"background-color:rgb(110, 41, 121);\" >\n\t\t\t\n\t<div class=\"is-border\"\n\t\tstyle=\"border-color:rgb(110, 41, 121);border-width:10px 0px 0px 0px;\">\n\t<\/div>\n\t\t\t\n\n<h2 style=\"text-align: justify;\"><span style=\"color: #6e2979;\"><strong><span style=\"color: #ffffff;\">A POLO MYO PROTECT \u00e9 a solu\u00e7\u00e3o para controlar a progress\u00e3o da miopia infantil!<\/span> <\/strong><\/span><\/h2>\n\t<div id=\"gap-783247934\" class=\"gap-element clearfix\" style=\"display:block; height:auto;\">\n\t\t\n<style>\n#gap-783247934 {\n  padding-top: 30px;\n}\n<\/style>\n\t<\/div>\n\t\n\n\t<div id=\"text-3956653766\" class=\"text\">\n\t\t\n\n<h2>COMO?<\/h2>\n\t\t\n<style>\n#text-3956653766 {\n  color: rgb(255, 255, 255);\n}\n#text-3956653766 > * {\n  color: rgb(255, 255, 255);\n}\n<\/style>\n\t<\/div>\n\t\n<p style=\"text-align: justify;\"><span style=\"color: #ffffff;\">Sabe-se que o m\u00fasculo \u00e9 essencial na vis\u00e3o de longe-perto e como qualquer m\u00fasculo se n\u00e3o for \u201cactivado-trabalhado\u201d a sua fun\u00e7\u00e3o pode ficar condicionada. <\/span><\/p>\n<p style=\"text-align: justify;\"><span style=\"color: #ffffff;\">Neste sentido, o uso de \u00f3culos pelas crian\u00e7as, apesar de cr\u00edtico, pode nem sempre ser positivo, podendo \u201ccondicionar\u201d o trabalho do m\u00fasculo.<\/span><\/p>\n\n\t\t<\/div>\n\t\t\t\t\n<style>\n#col-406065417 > .col-inner {\n  padding: 15% 10% 5% 10%;\n  margin: 0 0px 0px 0px;\n}\n@media (min-width:550px) {\n  #col-406065417 > .col-inner {\n    padding: 10% 10% 8% 10%;\n  }\n}\n@media (min-width:850px) {\n  #col-406065417 > .col-inner {\n    padding: 12% 15% 10% 12%;\n    margin: -172px 0px 0px 0px;\n  }\n}\n<\/style>\n\t<\/div>\n\n\t\n\n<\/div>\n<div class=\"row align-middle\"  id=\"row-1785048433\">\n\n\n\t<div id=\"col-1194140886\" class=\"col medium-8 small-12 large-8\"  >\n\t\t\t\t<div class=\"col-inner text-left\"  >\n\t\t\t\n\t\t\t\n\n\t<div id=\"gap-1404905956\" class=\"gap-element clearfix\" style=\"display:block; height:auto;\">\n\t\t\n<style>\n#gap-1404905956 {\n  padding-top: 30px;\n}\n<\/style>\n\t<\/div>\n\t\n\n\t<div class=\"img has-hover x md-x lg-x y md-y lg-y\" id=\"image_1802322033\">\n\t\t\t\t\t\t<div data-animate=\"fadeInUp\">\t\t<div class=\"img-inner dark\" >\n\t\t\t<img loading=\"lazy\" decoding=\"async\" width=\"804\" height=\"432\" src=\"https:\/\/polo.pt\/wp-content\/uploads\/2023\/08\/mioes.png\" class=\"attachment-large size-large\" alt=\"\" srcset=\"https:\/\/polo.pt\/wp-content\/uploads\/2023\/08\/mioes.png 804w, https:\/\/polo.pt\/wp-content\/uploads\/2023\/08\/mioes-744x400.png 744w, https:\/\/polo.pt\/wp-content\/uploads\/2023\/08\/mioes-768x413.png 768w\" sizes=\"auto, (max-width: 804px) 100vw, 804px\" \/>\t\t\t\t\t\t\n\t\t\t\t\t<\/div>\n\t\t<\/div>\t\t\t\t\t\t\n<style>\n#image_1802322033 {\n  width: 99%;\n}\n<\/style>\n\t<\/div>\n\t\n\n\n\t\t<\/div>\n\t\t\t\t\t<\/div>\n\n\t\n\n\t<div id=\"col-1852829747\" class=\"col medium-4 small-12 large-4\"  >\n\t\t\t\t<div class=\"col-inner\"  >\n\t\t\t\n\t\t\t\n\n\t<div class=\"img has-hover x md-x lg-x y md-y lg-y\" id=\"image_1417612065\">\n\t\t\t\t\t\t<div data-animate=\"fadeInUp\">\t\t<div class=\"img-inner dark\" >\n\t\t\t<img loading=\"lazy\" decoding=\"async\" width=\"450\" height=\"201\" src=\"https:\/\/polo.pt\/wp-content\/uploads\/2023\/08\/criancas.png\" class=\"attachment-large size-large\" alt=\"\" \/>\t\t\t\t\t\t\n\t\t\t\t\t<\/div>\n\t\t<\/div>\t\t\t\t\t\t\n<style>\n#image_1417612065 {\n  width: 100%;\n}\n<\/style>\n\t<\/div>\n\t\n\n\n\t\t<\/div>\n\t\t\t\t\t<\/div>\n\n\t\n\n<\/div>\n<div class=\"row row-small align-middle\"  id=\"row-832027170\">\n\n\n\t<div id=\"col-2022907898\" class=\"col medium-8 small-12 large-8\"  data-animate=\"fadeInUp\">\n\t\t\t\t<div class=\"col-inner\"  >\n\t\t\t\n\t\t\t\n\n<p style=\"text-align: justify;\">A lente <strong><span style=\"color: #6e2979;\">POLO MYO PROTECT<\/span><\/strong> tem uma zona central de pot\u00eancia fixa de 9\u201311 mm, em que o comprimento do di\u00e2metro \u00e9 calculado a partir do valor base real e o valor de pot\u00eancia da lente solicitada. Da zona central at\u00e9 a borda da lente, a lente <span style=\"color: #0b4b90;\"><strong>POLO<\/strong><\/span> vai diminuindo a pot\u00eancia. O resultado \u00e9 uma lente monofocal com uma desfocagem circular.<\/p>\n<p>A desfocagem muda as posi\u00e7\u00f5es dos pontos de focagem para seguir a curva da retina do olho, com tanta precis\u00e3o quanto poss\u00edvel. Gra\u00e7as \u00e0 t\u00e9cnica \u201dtra\u00e7ado de raio\u201d, do centro de desenho para a \u00e1rea perif\u00e9rica do mesmo, o cilindro aumenta lentamente com a direc\u00e7\u00e3o radial e a pot\u00eancia diminui. Em compara\u00e7\u00e3o com as lentes de miopia tradicionais, as lentes <span style=\"color: #0b4b90;\"><strong>POLO<\/strong><\/span> s\u00e3o mais finas.<\/p>\n\n\t\t<\/div>\n\t\t\t\t\t<\/div>\n\n\t\n\n\t<div id=\"col-431026429\" class=\"col medium-4 small-12 large-4\"  data-animate=\"fadeInUp\">\n\t\t\t\t<div class=\"col-inner text-right\"  >\n\t\t\t\n\t\t\t\n\n\t<div class=\"img has-hover x md-x lg-x y md-y lg-y\" id=\"image_363805055\">\n\t\t\t\t\t\t\t\t<div class=\"img-inner dark\" >\n\t\t\t<img loading=\"lazy\" decoding=\"async\" width=\"308\" height=\"333\" src=\"https:\/\/polo.pt\/wp-content\/uploads\/2023\/08\/mapa.png\" class=\"attachment-original size-original\" alt=\"\" \/>\t\t\t\t\t\t\n\t\t\t\t\t<\/div>\n\t\t\t\t\t\t\t\t\n<style>\n#image_363805055 {\n  width: 77%;\n}\n<\/style>\n\t<\/div>\n\t\n\n\n\t\t<\/div>\n\t\t\t\t\t<\/div>\n\n\t\n\n<\/div>\n\n\t\t<\/div>\n\n\t\t\n<style>\n#section_1220227647 {\n  padding-top: 0px;\n  padding-bottom: 0px;\n}\n#section_1220227647 .ux-shape-divider--top svg {\n  height: 150px;\n  --divider-top-width: 100%;\n}\n#section_1220227647 .ux-shape-divider--bottom svg {\n  height: 150px;\n  --divider-width: 100%;\n}\n<\/style>\n\t<\/section>\n\t\n\n","protected":false},"excerpt":{"rendered":"","protected":false},"author":1,"featured_media":0,"parent":0,"menu_order":0,"comment_status":"closed","ping_status":"closed","template":"page-blank.php","meta":{"footnotes":""},"class_list":["post-3500","page","type-page","status-publish","hentry"],"_links":{"self":[{"href":"https:\/\/polo.pt\/es\/wp-json\/wp\/v2\/pages\/3500","targetHints":{"allow":["GET"]}}],"collection":[{"href":"https:\/\/polo.pt\/es\/wp-json\/wp\/v2\/pages"}],"about":[{"href":"https:\/\/polo.pt\/es\/wp-json\/wp\/v2\/types\/page"}],"author":[{"embeddable":true,"href":"https:\/\/polo.pt\/es\/wp-json\/wp\/v2\/users\/1"}],"replies":[{"embeddable":true,"href":"https:\/\/polo.pt\/es\/wp-json\/wp\/v2\/comments?post=3500"}],"version-history":[{"count":2,"href":"https:\/\/polo.pt\/es\/wp-json\/wp\/v2\/pages\/3500\/revisions"}],"predecessor-version":[{"id":3504,"href":"https:\/\/polo.pt\/es\/wp-json\/wp\/v2\/pages\/3500\/revisions\/3504"}],"wp:attachment":[{"href":"https:\/\/polo.pt\/es\/wp-json\/wp\/v2\/media?parent=3500"}],"curies":[{"name":"wp","href":"https:\/\/api.w.org\/{rel}","templated":true}]}}