{"id":2914,"date":"2022-04-21T10:11:36","date_gmt":"2022-04-21T10:11:36","guid":{"rendered":"https:\/\/polo.pt\/confianca-na-lente\/pololife\/"},"modified":"2023-07-26T19:57:40","modified_gmt":"2023-07-26T19:57:40","slug":"pololife","status":"publish","type":"page","link":"https:\/\/polo.pt\/es\/confianca-na-lente\/pololife\/","title":{"rendered":"POLOLIFE"},"content":{"rendered":"\n\t<section class=\"section\" id=\"section_1690981314\">\n\t\t<div class=\"bg section-bg fill bg-fill  \" >\n\n\t\t\t\n\t\t\t\n\t\t\t\n\n\t\t<\/div>\n\n\t\t\n\t<div class=\"ux-shape-divider ux-shape-divider--bottom ux-shape-divider--style-waves-opacity-3\">\n\t\t<svg viewBox=\"0 0 1000 300\" xmlns=\"http:\/\/www.w3.org\/2000\/svg\" preserveAspectRatio=\"none\">\n\t<path class=\"ux-shape-fill\" opacity=\"0.05\" d=\"M1014 264V386H206L34 300C34 300 344.42 277.16 436 221C542 156 590 160 704 209C811 255 899.11 214.94 979 346L1014 264Z\"\/>\n\t<path class=\"ux-shape-fill\" opacity=\"0.1\" d=\"M-302 55C-302 55 -66.73 263.25 50 214C178 160 283 116 353 141C445.68 174.1 534.28 256.19 588 249C692.9 235 764.52 75.94 855 131C940.61 183.09 1000 254 1000 254V328L-306 338L-302 55Z\"\/>\n\t<path class=\"ux-shape-fill\" opacity=\"0.15\" d=\"M-286 255C-286 255 -72 152 52 126C176 100 255 155 436 227C581.57 284.91 614.7 277.79 708 227C787 184 1009 3.0001 1093 164C1146 265.63 1031 293 1031 293L924 377L-288 389L-286 255Z\"\/>\n\t<path class=\"ux-shape-fill\" opacity=\"0.3\" d=\"M-24 69C-24 69 275.68 370.66 389 314C397 310 622 316 673 356C690.47 369.7 845 224 890 182C944.8 130.85 1018 92 1078 143C1154.12 207.7 1196 242 1196 242L1184 374L-28 386L-24 69Z\"\/>\n\t<path class=\"ux-shape-fill\" d=\"M-12 201C-12 201 58 284 182 258C306 232 342.29 221.23 456 264C565 305 640.82 288.36 721 249C776 222 837.5 191.31 935 253C984 284 1030 279 1030 279L1024 430L-12 440V201Z\"\/>\n<\/svg>\n\t<\/div>\n\n\t\t<div class=\"section-content relative\">\n\t\t\t\n\n\n\t\t<\/div>\n\n\t\t\n<style>\n#section_1690981314 {\n  padding-top: 45px;\n  padding-bottom: 45px;\n  min-height: 300px;\n}\n#section_1690981314 .section-bg.bg-loaded {\n  background-image: url(https:\/\/polo.pt\/wp-content\/uploads\/2022\/04\/office.jpg);\n}\n#section_1690981314 .section-bg {\n  background-position: 51% 60%;\n}\n#section_1690981314 .ux-shape-divider--top svg {\n  height: 150px;\n  --divider-top-width: 100%;\n}\n#section_1690981314 .ux-shape-divider--bottom svg {\n  height: 150px;\n  --divider-width: 100%;\n}\n@media (min-width:550px) {\n  #section_1690981314 {\n    min-height: 400px;\n  }\n}\n@media (min-width:850px) {\n  #section_1690981314 {\n    min-height: 700px;\n  }\n}\n<\/style>\n\t<\/section>\n\t\n\t<section class=\"section\" id=\"section_925690134\">\n\t\t<div class=\"bg section-bg fill bg-fill  bg-loaded\" >\n\n\t\t\t\n\t\t\t\n\t\t\t\n\n\t\t<\/div>\n\n\t\t\n\n\t\t<div class=\"section-content relative\">\n\t\t\t\n\n<div class=\"row align-center\"  id=\"row-1946100304\">\n\n\n\t<div id=\"col-287536343\" class=\"col medium-12 small-12 large-6\"  data-animate=\"fadeInUp\">\n\t\t\t\t<div class=\"col-inner\"  >\n\t\t\t\n\t\t\t\n\n\t<div id=\"gap-2094919322\" class=\"gap-element clearfix\" style=\"display:block; height:auto;\">\n\t\t\n<style>\n#gap-2094919322 {\n  padding-top: 10px;\n}\n@media (min-width:550px) {\n  #gap-2094919322 {\n    padding-top: 20px;\n  }\n}\n@media (min-width:850px) {\n  #gap-2094919322 {\n    padding-top: 30px;\n  }\n}\n<\/style>\n\t<\/div>\n\t\n\n\t<div id=\"text-2044303985\" class=\"text\">\n\t\t\n\n<h1 class=\"thin-font\"><span style=\"color: #2c9dd2;\"><strong>LIFE<\/strong><\/span><span style=\"color: #004a94; font-size: 45%;\"> by POLO<\/span><\/h1>\n\n\t\t\n<style>\n#text-2044303985 {\n  font-size: 1.55rem;\n}\n<\/style>\n\t<\/div>\n\t\n<p class=\"lead\"> CONFIANZA EN LA VERSATILIDAD DE NUESTRAS LENTES, \u00a1MEJORANDO SU VISI\u00d3N EN TODO MOMENTO! <\/p>\n\n\n\t\t<\/div>\n\t\t\t\t\n<style>\n#col-287536343 > .col-inner {\n  padding: 0px 10% 0px 0px;\n}\n<\/style>\n\t<\/div>\n\n\t\n\n\t<div id=\"col-1054057185\" class=\"col medium-12 small-12 large-6\"  data-animate=\"fadeInUp\">\n\t\t\t\t<div class=\"col-inner\" style=\"background-color:rgb(241, 241, 241);\" >\n\t\t\t\n\t<div class=\"is-border\"\n\t\tstyle=\"border-color:rgb(11, 75, 144);border-width:10px 0px 0px 0px;\">\n\t<\/div>\n\t\t\t\n\n\t<div id=\"text-477673683\" class=\"text\">\n\t\t\n\n\n\t\t\n<style>\n#text-477673683 {\n  font-size: 1.25rem;\n}\n<\/style>\n\t<\/div>\n\t\n<p class=\"p1\" style=\"text-align: justify;\">Las lentes <span class=\"s1\"><strong>POLO<\/strong><span style=\"color: #2c9dd2;\"><strong>LIFE<\/strong><\/span><\/span> son vers\u00e1tiles y se han desarrollado para mejorar la visi\u00f3n en las m\u00e1s variadas situaciones, permitiendo diferentes niveles de personalizaci\u00f3n. De esta forma, garantizamos una buena adaptaci\u00f3n y eficacia en el uso diario por parte de cada cliente.<\/p>\n<p class=\"p1\" style=\"text-align: justify;\">Hay varios tipos de lentes dentro de la familia <span class=\"s1\"><b>POLO<\/b><span style=\"color: #2c9dd2;\"><strong>LIFE<\/strong><\/span><\/span>, como lentes <a href=\"https:\/\/polo.pt\/es\/canfianca-na-lente\/pololife\/#!\"><span class=\"s2\"><b>progresivas<\/b><\/span><\/a>, <a href=\"https:\/\/polo.pt\/es\/canfianca-na-lente\/pololife\/#!\"><span class=\"s2\"><b>bifocales<\/b><\/span><\/a>, <a href=\"https:\/\/polo.pt\/es\/canfianca-na-lente\/pololife\/#!\"><span class=\"s2\"><b>unifocales<\/b><\/span><\/a> y de <a href=\"https:\/\/polo.pt\/es\/canfianca-na-lente\/pololife\/#!\"><b>stock<\/b><\/a>, en funci\u00f3n de la anomal\u00eda visual y las necesidades espec\u00edficas de cada persona.<\/p>\n<p class=\"p1\" style=\"text-align: justify;\">Cada usuario puede elegir el tratamiento que desee, as\u00ed como elegir lentes blancas, lentes con <a href=\"https:\/\/polo.pt\/es\/canfianca-na-lente\/pololife\/#!\"><span class=\"s2\"><b>protecci\u00f3n UV++<\/b><\/span><\/a><span class=\"s2\"><b> (bluecut)<\/b><\/span><b>, <\/b><a href=\"https:\/\/polo.pt\/es\/canfianca-na-lente\/pololife\/#!\"><span class=\"s2\"><b>fotocrom\u00e1ticas<\/b><\/span><\/a>, <span class=\"s2\"><b>de color <\/b><\/span>o <a href=\"https:\/\/polo.pt\/es\/canfianca-na-lente\/pololife\/#!\"><span class=\"s2\"><b>espejadas<\/b><\/span><\/a><\/p>\n\n\t\t<\/div>\n\t\t\t\t\n<style>\n#col-1054057185 > .col-inner {\n  padding: 15% 10% 5% 10%;\n  margin: 0 0px 0px 0px;\n}\n@media (min-width:550px) {\n  #col-1054057185 > .col-inner {\n    padding: 10% 10% 8% 10%;\n  }\n}\n@media (min-width:850px) {\n  #col-1054057185 > .col-inner {\n    padding: 15% 15% 10% 15%;\n    margin: -172px 0px 0px 0px;\n  }\n}\n<\/style>\n\t<\/div>\n\n\t\n\n<\/div>\n\n\t\t<\/div>\n\n\t\t\n<style>\n#section_925690134 {\n  padding-top: 0px;\n  padding-bottom: 0px;\n}\n#section_925690134 .ux-shape-divider--top svg {\n  height: 150px;\n  --divider-top-width: 100%;\n}\n#section_925690134 .ux-shape-divider--bottom svg {\n  height: 150px;\n  --divider-width: 100%;\n}\n<\/style>\n\t<\/section>\n\t\n\n","protected":false},"excerpt":{"rendered":"","protected":false},"author":1,"featured_media":0,"parent":2898,"menu_order":0,"comment_status":"closed","ping_status":"closed","template":"page-blank.php","meta":{"footnotes":""},"class_list":["post-2914","page","type-page","status-publish","hentry"],"_links":{"self":[{"href":"https:\/\/polo.pt\/es\/wp-json\/wp\/v2\/pages\/2914","targetHints":{"allow":["GET"]}}],"collection":[{"href":"https:\/\/polo.pt\/es\/wp-json\/wp\/v2\/pages"}],"about":[{"href":"https:\/\/polo.pt\/es\/wp-json\/wp\/v2\/types\/page"}],"author":[{"embeddable":true,"href":"https:\/\/polo.pt\/es\/wp-json\/wp\/v2\/users\/1"}],"replies":[{"embeddable":true,"href":"https:\/\/polo.pt\/es\/wp-json\/wp\/v2\/comments?post=2914"}],"version-history":[{"count":6,"href":"https:\/\/polo.pt\/es\/wp-json\/wp\/v2\/pages\/2914\/revisions"}],"predecessor-version":[{"id":3238,"href":"https:\/\/polo.pt\/es\/wp-json\/wp\/v2\/pages\/2914\/revisions\/3238"}],"up":[{"embeddable":true,"href":"https:\/\/polo.pt\/es\/wp-json\/wp\/v2\/pages\/2898"}],"wp:attachment":[{"href":"https:\/\/polo.pt\/es\/wp-json\/wp\/v2\/media?parent=2914"}],"curies":[{"name":"wp","href":"https:\/\/api.w.org\/{rel}","templated":true}]}}