{"id":2879,"date":"2022-04-29T02:25:54","date_gmt":"2022-04-29T02:25:54","guid":{"rendered":"https:\/\/polo.pt\/ultimate\/"},"modified":"2025-08-14T12:34:56","modified_gmt":"2025-08-14T12:34:56","slug":"ultimate","status":"publish","type":"page","link":"https:\/\/polo.pt\/es\/ultimate\/","title":{"rendered":"ULTIMATE"},"content":{"rendered":"\n\t<section class=\"section\" id=\"section_562085918\">\n\t\t<div class=\"bg section-bg fill bg-fill  \" >\n\n\t\t\t\n\t\t\t<div class=\"effect-sparkle bg-effect fill no-click\"><\/div>\n\t\t\t\n\n\t\t<\/div>\n\n\t\t\n\t<div class=\"ux-shape-divider ux-shape-divider--bottom ux-shape-divider--style-waves-opacity-3\">\n\t\t<svg viewBox=\"0 0 1000 300\" xmlns=\"http:\/\/www.w3.org\/2000\/svg\" preserveAspectRatio=\"none\">\n\t<path class=\"ux-shape-fill\" opacity=\"0.05\" d=\"M1014 264V386H206L34 300C34 300 344.42 277.16 436 221C542 156 590 160 704 209C811 255 899.11 214.94 979 346L1014 264Z\"\/>\n\t<path class=\"ux-shape-fill\" opacity=\"0.1\" d=\"M-302 55C-302 55 -66.73 263.25 50 214C178 160 283 116 353 141C445.68 174.1 534.28 256.19 588 249C692.9 235 764.52 75.94 855 131C940.61 183.09 1000 254 1000 254V328L-306 338L-302 55Z\"\/>\n\t<path class=\"ux-shape-fill\" opacity=\"0.15\" d=\"M-286 255C-286 255 -72 152 52 126C176 100 255 155 436 227C581.57 284.91 614.7 277.79 708 227C787 184 1009 3.0001 1093 164C1146 265.63 1031 293 1031 293L924 377L-288 389L-286 255Z\"\/>\n\t<path class=\"ux-shape-fill\" opacity=\"0.3\" d=\"M-24 69C-24 69 275.68 370.66 389 314C397 310 622 316 673 356C690.47 369.7 845 224 890 182C944.8 130.85 1018 92 1078 143C1154.12 207.7 1196 242 1196 242L1184 374L-28 386L-24 69Z\"\/>\n\t<path class=\"ux-shape-fill\" d=\"M-12 201C-12 201 58 284 182 258C306 232 342.29 221.23 456 264C565 305 640.82 288.36 721 249C776 222 837.5 191.31 935 253C984 284 1030 279 1030 279L1024 430L-12 440V201Z\"\/>\n<\/svg>\n\t<\/div>\n\n\t\t<div class=\"section-content relative\">\n\t\t\t\n\n\n\t\t<\/div>\n\n\t\t\n<style>\n#section_562085918 {\n  padding-top: 56px;\n  padding-bottom: 56px;\n  min-height: 300px;\n}\n#section_562085918 .section-bg.bg-loaded {\n  background-image: url(https:\/\/polo.pt\/wp-content\/uploads\/2024\/10\/POLOULTIMATE.png);\n}\n#section_562085918 .section-bg {\n  background-position: 59% 60%;\n}\n#section_562085918 .ux-shape-divider--top svg {\n  height: 150px;\n  --divider-top-width: 100%;\n}\n#section_562085918 .ux-shape-divider--bottom svg {\n  height: 150px;\n  --divider-width: 100%;\n}\n@media (min-width:550px) {\n  #section_562085918 {\n    min-height: 400px;\n  }\n}\n@media (min-width:850px) {\n  #section_562085918 {\n    min-height: 594px;\n  }\n}\n<\/style>\n\t<\/section>\n\t\n\t<section class=\"section\" id=\"section_1593234154\">\n\t\t<div class=\"bg section-bg fill bg-fill  bg-loaded\" >\n\n\t\t\t\n\t\t\t\n\t\t\t\n\n\t\t<\/div>\n\n\t\t\n\n\t\t<div class=\"section-content relative\">\n\t\t\t\n\n<div class=\"row align-center\"  id=\"row-1171289954\">\n\n\n\t<div id=\"col-102436937\" class=\"col medium-12 small-12 large-6\"  data-animate=\"fadeInUp\">\n\t\t\t\t<div class=\"col-inner text-left\"  >\n\t\t\t\n\t\t\t\n\n\t<div id=\"gap-1734641979\" class=\"gap-element clearfix\" style=\"display:block; height:auto;\">\n\t\t\n<style>\n#gap-1734641979 {\n  padding-top: 10px;\n}\n@media (min-width:550px) {\n  #gap-1734641979 {\n    padding-top: 20px;\n  }\n}\n@media (min-width:850px) {\n  #gap-1734641979 {\n    padding-top: 30px;\n  }\n}\n<\/style>\n\t<\/div>\n\t\n\n\t<div class=\"img has-hover x md-x lg-x y md-y lg-y\" id=\"image_430681747\">\n\t\t\t\t\t\t\t\t<div class=\"img-inner dark\" >\n\t\t\t<img loading=\"lazy\" decoding=\"async\" width=\"808\" height=\"236\" src=\"https:\/\/polo.pt\/wp-content\/uploads\/2024\/10\/progressiva.png\" class=\"attachment-large size-large\" alt=\"\" srcset=\"https:\/\/polo.pt\/wp-content\/uploads\/2024\/10\/progressiva.png 808w, https:\/\/polo.pt\/wp-content\/uploads\/2024\/10\/progressiva-800x234.png 800w, https:\/\/polo.pt\/wp-content\/uploads\/2024\/10\/progressiva-768x224.png 768w\" sizes=\"auto, (max-width: 808px) 100vw, 808px\" \/>\t\t\t\t\t\t\n\t\t\t\t\t<\/div>\n\t\t\t\t\t\t\t\t\n<style>\n#image_430681747 {\n  width: 57%;\n}\n<\/style>\n\t<\/div>\n\t\n\n<p class=\"p1\"><span class=\"s1\"><b>ULTIMATE TECH <\/b>es la nueva lente progresiva totalmente innovadora que une una tecnolog\u00eda double surface, con una combinaci\u00f3n perfecta entre las superficies c\u00f3ncavas y convexas de la lente, teniendo por base la optimizaci\u00f3n del dise\u00f1o a trav\u00e9s de inteligencia artificial. El resultado es una lente con un excelente equilibrio entre la visi\u00f3n de cerca, lejos e intermedia, pr\u00e1cticamente libre de aberraciones y totalmente adaptada a cada usuario.<\/span><\/p>\n<p class=\"p1\"><span class=\"s1\">Ideal para lentes positivas, que se vuelven m\u00e1s finas y ligeras, con una calidad de imagen significativamente superior gracias a la optimizaci\u00f3n del corredor central y la zona de lectura (cerca), lo que se traduce en una mejor adaptaci\u00f3n.<\/span><\/p>\n<p style=\"text-align: justify;\">.<\/p>\n\n\t\t<\/div>\n\t\t\t\t\n<style>\n#col-102436937 > .col-inner {\n  padding: 0px 9% 0px 0px;\n}\n<\/style>\n\t<\/div>\n\n\t\n\n\t<div id=\"col-1458097090\" class=\"col medium-12 small-12 large-6\"  data-animate=\"fadeInUp\">\n\t\t\t\t<div class=\"col-inner\" style=\"background-color:rgb(241, 241, 241);\" >\n\t\t\t\n\t<div class=\"is-border\"\n\t\tstyle=\"border-color:rgb(10, 60, 115);border-width:10px 0px 0px 0px;\">\n\t<\/div>\n\t\t\t\n\n<h2 style=\"text-align: justify;\"><span style=\"color: #0a3c73;\"><strong>BENEFICIOS <\/strong><\/span><\/h2>\n<ul>\n<li style=\"text-align: justify;\"><strong>Visi\u00f3n perfecta a todas las distancias;<\/strong><\/li>\n<li style=\"text-align: justify;\"><strong> Lentes 100% personalizadas;<\/strong><\/li>\n<li style=\"text-align: justify;\"><strong> Adaptaci\u00f3n m\u00e1s f\u00e1cil gracias a la transici\u00f3n suave entre los distintos campos de visi\u00f3n;<\/strong><\/li>\n<li style=\"text-align: justify;\"><strong> Pr\u00e1cticamente libres de aberraciones debido a la combinaci\u00f3n de la curva c\u00f3ncava y convexa de la lente;<\/strong><\/li>\n<li style=\"text-align: justify;\"><strong> Lentes m\u00e1s finas y ligeras, adaptadas a las necesidades visuales individuales gracias a la mejora de la curva externa;<\/strong><\/li>\n<li><strong> Reducci\u00f3n del astigmatismo no deseado y mejor adaptaci\u00f3n;<\/strong><\/li>\n<li><strong> Personalizaci\u00f3n del campo de visi\u00f3n privilegiado;<\/strong><\/li>\n<li><strong> Pasillo variable de 1 en 1 mm.<\/strong><\/li>\n<\/ul>\n\n\n\t\t<\/div>\n\t\t\t\t\n<style>\n#col-1458097090 > .col-inner {\n  padding: 15% 10% 5% 10%;\n  margin: 0 0px 0px 0px;\n}\n@media (min-width:550px) {\n  #col-1458097090 > .col-inner {\n    padding: 10% 10% 8% 10%;\n  }\n}\n@media (min-width:850px) {\n  #col-1458097090 > .col-inner {\n    padding: 14% 15% 10% 12%;\n    margin: -141px 0px 0px 0px;\n  }\n}\n<\/style>\n\t<\/div>\n\n\t\n\n<\/div>\n<div class=\"row\"  id=\"row-1146977917\">\n\n\n\t<div id=\"col-763169370\" class=\"col small-12 large-12\"  >\n\t\t\t\t<div class=\"col-inner text-center\"  >\n\t\t\t\n\t\t\t\n\n\t<div class=\"img has-hover x md-x lg-x y md-y lg-y\" id=\"image_1238115852\">\n\t\t\t\t\t\t<div data-animate=\"blurIn\">\t\t<div class=\"img-inner dark\" >\n\t\t\t<img loading=\"lazy\" decoding=\"async\" width=\"1020\" height=\"82\" src=\"https:\/\/polo.pt\/wp-content\/uploads\/2025\/08\/Captura-de-ecra\u0303-2025-08-14-a\u0300s-13.19.13.png\" class=\"attachment-large size-large\" alt=\"\" srcset=\"https:\/\/polo.pt\/wp-content\/uploads\/2025\/08\/Captura-de-ecra\u0303-2025-08-14-a\u0300s-13.19.13.png 1132w, https:\/\/polo.pt\/wp-content\/uploads\/2025\/08\/Captura-de-ecra\u0303-2025-08-14-a\u0300s-13.19.13-800x64.png 800w, https:\/\/polo.pt\/wp-content\/uploads\/2025\/08\/Captura-de-ecra\u0303-2025-08-14-a\u0300s-13.19.13-768x62.png 768w\" sizes=\"auto, (max-width: 1020px) 100vw, 1020px\" \/>\t\t\t\t\t\t\n\t\t\t\t\t<\/div>\n\t\t<\/div>\t\t\t\t\t\t\n<style>\n#image_1238115852 {\n  width: 79%;\n}\n<\/style>\n\t<\/div>\n\t\n\n\t<div class=\"img has-hover x md-x lg-x y md-y lg-y\" id=\"image_62021130\">\n\t\t\t\t\t\t<div data-animate=\"fadeInUp\">\t\t<div class=\"img-inner dark\" >\n\t\t\t<img loading=\"lazy\" decoding=\"async\" width=\"1020\" height=\"574\" src=\"https:\/\/polo.pt\/wp-content\/uploads\/2025\/08\/WhatsApp-Image-2025-07-30-at-10.51.58-1400x788.jpeg\" class=\"attachment-large size-large\" alt=\"\" srcset=\"https:\/\/polo.pt\/wp-content\/uploads\/2025\/08\/WhatsApp-Image-2025-07-30-at-10.51.58-1400x788.jpeg 1400w, https:\/\/polo.pt\/wp-content\/uploads\/2025\/08\/WhatsApp-Image-2025-07-30-at-10.51.58-711x400.jpeg 711w, https:\/\/polo.pt\/wp-content\/uploads\/2025\/08\/WhatsApp-Image-2025-07-30-at-10.51.58-768x432.jpeg 768w, https:\/\/polo.pt\/wp-content\/uploads\/2025\/08\/WhatsApp-Image-2025-07-30-at-10.51.58-1536x864.jpeg 1536w, https:\/\/polo.pt\/wp-content\/uploads\/2025\/08\/WhatsApp-Image-2025-07-30-at-10.51.58-2048x1152.jpeg 2048w\" sizes=\"auto, (max-width: 1020px) 100vw, 1020px\" \/>\t\t\t\t\t\t\n\t\t\t\t\t<\/div>\n\t\t<\/div>\t\t\t\t\t\t\n<style>\n#image_62021130 {\n  width: 100%;\n}\n<\/style>\n\t<\/div>\n\t\n\n\t<div class=\"img has-hover x md-x lg-x y md-y lg-y\" id=\"image_407643426\">\n\t\t\t\t\t\t<div data-animate=\"fadeInUp\">\t\t<div class=\"img-inner dark\" >\n\t\t\t<img loading=\"lazy\" decoding=\"async\" width=\"1020\" height=\"574\" src=\"https:\/\/polo.pt\/wp-content\/uploads\/2025\/08\/WhatsApp-Image-2025-07-30-at-11.32.53-1400x788.jpeg\" class=\"attachment-large size-large\" alt=\"\" srcset=\"https:\/\/polo.pt\/wp-content\/uploads\/2025\/08\/WhatsApp-Image-2025-07-30-at-11.32.53-1400x788.jpeg 1400w, https:\/\/polo.pt\/wp-content\/uploads\/2025\/08\/WhatsApp-Image-2025-07-30-at-11.32.53-711x400.jpeg 711w, https:\/\/polo.pt\/wp-content\/uploads\/2025\/08\/WhatsApp-Image-2025-07-30-at-11.32.53-768x432.jpeg 768w, https:\/\/polo.pt\/wp-content\/uploads\/2025\/08\/WhatsApp-Image-2025-07-30-at-11.32.53-1536x864.jpeg 1536w, https:\/\/polo.pt\/wp-content\/uploads\/2025\/08\/WhatsApp-Image-2025-07-30-at-11.32.53-2048x1152.jpeg 2048w\" sizes=\"auto, (max-width: 1020px) 100vw, 1020px\" \/>\t\t\t\t\t\t\n\t\t\t\t\t<\/div>\n\t\t<\/div>\t\t\t\t\t\t\n<style>\n#image_407643426 {\n  width: 100%;\n}\n<\/style>\n\t<\/div>\n\t\n\n\n\t\t<\/div>\n\t\t\t\t\t<\/div>\n\n\t\n\n<\/div>\n<div class=\"row\"  id=\"row-595074707\">\n\n\n\t<div id=\"col-1216122520\" class=\"col small-12 large-12\"  data-animate=\"fadeInUp\">\n\t\t\t\t<div class=\"col-inner text-center\"  >\n\t\t\t\n\t\t\t\n\n\t<div class=\"img has-hover x md-x lg-x y md-y lg-y\" id=\"image_1617829242\">\n\t\t\t\t\t\t<div data-animate=\"fadeInLeft\">\t\t<div class=\"img-inner dark\" >\n\t\t\t<img loading=\"lazy\" decoding=\"async\" width=\"1020\" height=\"246\" src=\"https:\/\/polo.pt\/wp-content\/uploads\/2024\/10\/tech-1400x337.png\" class=\"attachment-large size-large\" alt=\"\" srcset=\"https:\/\/polo.pt\/wp-content\/uploads\/2024\/10\/tech-1400x337.png 1400w, https:\/\/polo.pt\/wp-content\/uploads\/2024\/10\/tech-800x193.png 800w, https:\/\/polo.pt\/wp-content\/uploads\/2024\/10\/tech-768x185.png 768w, https:\/\/polo.pt\/wp-content\/uploads\/2024\/10\/tech-1536x370.png 1536w, https:\/\/polo.pt\/wp-content\/uploads\/2024\/10\/tech.png 1744w\" sizes=\"auto, (max-width: 1020px) 100vw, 1020px\" \/>\t\t\t\t\t\t\n\t\t\t\t\t<\/div>\n\t\t<\/div>\t\t\t\t\t\t\n<style>\n#image_1617829242 {\n  width: 100%;\n}\n<\/style>\n\t<\/div>\n\t\n\n\t<div class=\"img has-hover x md-x lg-x y md-y lg-y\" id=\"image_1056457413\">\n\t\t\t\t\t\t<div data-animate=\"fadeInRight\">\t\t<div class=\"img-inner dark\" >\n\t\t\t<img loading=\"lazy\" decoding=\"async\" width=\"1020\" height=\"216\" src=\"https:\/\/polo.pt\/wp-content\/uploads\/2023\/07\/curvas-2048x434_es-1400x297.png\" class=\"attachment-large size-large\" alt=\"\" srcset=\"https:\/\/polo.pt\/wp-content\/uploads\/2023\/07\/curvas-2048x434_es-1400x297.png 1400w, https:\/\/polo.pt\/wp-content\/uploads\/2023\/07\/curvas-2048x434_es-800x170.png 800w, https:\/\/polo.pt\/wp-content\/uploads\/2023\/07\/curvas-2048x434_es-768x163.png 768w, https:\/\/polo.pt\/wp-content\/uploads\/2023\/07\/curvas-2048x434_es-1536x326.png 1536w, https:\/\/polo.pt\/wp-content\/uploads\/2023\/07\/curvas-2048x434_es.png 2048w\" sizes=\"auto, (max-width: 1020px) 100vw, 1020px\" \/>\t\t\t\t\t\t\n\t\t\t\t\t<\/div>\n\t\t<\/div>\t\t\t\t\t\t\n<style>\n#image_1056457413 {\n  width: 100%;\n}\n<\/style>\n\t<\/div>\n\t\n\n\t<div class=\"img has-hover x md-x lg-x y md-y lg-y\" id=\"image_709877058\">\n\t\t\t\t\t\t<div data-animate=\"fadeInUp\">\t\t<div class=\"img-inner dark\" >\n\t\t\t<img loading=\"lazy\" decoding=\"async\" width=\"1020\" height=\"194\" src=\"https:\/\/polo.pt\/wp-content\/uploads\/2023\/07\/progressivas-2048x389_es-1400x266.png\" class=\"attachment-large size-large\" alt=\"\" srcset=\"https:\/\/polo.pt\/wp-content\/uploads\/2023\/07\/progressivas-2048x389_es-1400x266.png 1400w, https:\/\/polo.pt\/wp-content\/uploads\/2023\/07\/progressivas-2048x389_es-800x152.png 800w, https:\/\/polo.pt\/wp-content\/uploads\/2023\/07\/progressivas-2048x389_es-768x146.png 768w, https:\/\/polo.pt\/wp-content\/uploads\/2023\/07\/progressivas-2048x389_es-1536x292.png 1536w, https:\/\/polo.pt\/wp-content\/uploads\/2023\/07\/progressivas-2048x389_es.png 2048w\" sizes=\"auto, (max-width: 1020px) 100vw, 1020px\" \/>\t\t\t\t\t\t\n\t\t\t\t\t<\/div>\n\t\t<\/div>\t\t\t\t\t\t\n<style>\n#image_709877058 {\n  width: 100%;\n}\n<\/style>\n\t<\/div>\n\t\n\n\n\t\t<\/div>\n\t\t\t\t\t<\/div>\n\n\t\n\n<\/div>\n\n\t\t<\/div>\n\n\t\t\n<style>\n#section_1593234154 {\n  padding-top: 0px;\n  padding-bottom: 0px;\n}\n#section_1593234154 .ux-shape-divider--top svg {\n  height: 150px;\n  --divider-top-width: 100%;\n}\n#section_1593234154 .ux-shape-divider--bottom svg {\n  height: 150px;\n  --divider-width: 100%;\n}\n<\/style>\n\t<\/section>\n\t\n\n","protected":false},"excerpt":{"rendered":"","protected":false},"author":1,"featured_media":0,"parent":0,"menu_order":0,"comment_status":"closed","ping_status":"closed","template":"page-blank.php","meta":{"footnotes":""},"class_list":["post-2879","page","type-page","status-publish","hentry"],"_links":{"self":[{"href":"https:\/\/polo.pt\/es\/wp-json\/wp\/v2\/pages\/2879","targetHints":{"allow":["GET"]}}],"collection":[{"href":"https:\/\/polo.pt\/es\/wp-json\/wp\/v2\/pages"}],"about":[{"href":"https:\/\/polo.pt\/es\/wp-json\/wp\/v2\/types\/page"}],"author":[{"embeddable":true,"href":"https:\/\/polo.pt\/es\/wp-json\/wp\/v2\/users\/1"}],"replies":[{"embeddable":true,"href":"https:\/\/polo.pt\/es\/wp-json\/wp\/v2\/comments?post=2879"}],"version-history":[{"count":8,"href":"https:\/\/polo.pt\/es\/wp-json\/wp\/v2\/pages\/2879\/revisions"}],"predecessor-version":[{"id":4367,"href":"https:\/\/polo.pt\/es\/wp-json\/wp\/v2\/pages\/2879\/revisions\/4367"}],"wp:attachment":[{"href":"https:\/\/polo.pt\/es\/wp-json\/wp\/v2\/media?parent=2879"}],"curies":[{"name":"wp","href":"https:\/\/api.w.org\/{rel}","templated":true}]}}